{"id":75,"date":"2018-06-15T05:57:35","date_gmt":"2018-06-15T05:57:35","guid":{"rendered":"https:\/\/sfx-cmex-gaming.com\/?page_id=75"},"modified":"2018-06-29T06:32:56","modified_gmt":"2018-06-29T06:32:56","slug":"home","status":"publish","type":"page","link":"https:\/\/sfx-cmex-gaming.com\/de\/","title":{"rendered":"Home"},"content":{"rendered":"<p><\/p>\n<div id=\"content-outer\">\n<div id=\"featured\">\n<div id=\"featured-content\" class=\"grid col-460\">\n<h1 class=\"featured-title\">Socca<\/h1>\n<h2 class=\"featured-subtitle\">Ein Fu\u00dfball mit einem Traum<\/h2>\n<p>Hilf Socca, den Fu\u00dfballpl\u00e4tzen<br \/>\nzu entkommen.<\/p>\n<p>Socca, ein kleiner Ball mit einem Traum.<\/p>\n<p>Er will nicht mehr getreten werden.<br \/>\nEr will den Fu\u00dfballpl\u00e4tzen entkommen.<\/p>\n<p>Hilf ihm!!!!!!!<\/p>\n<p>F\u00fchre Socca durch seine letzten Spiele.<\/p>\n<p>Schiess mit Socca seine letzen Tore,<br \/>\nohne zu viel getreten zu werden und &#8230;.<\/p>\n<p>&#8230; ENTKOMME den Fu\u00dfballpl\u00e4tzen<\/p>\n<p>Es geht um Dich und Socca.<br \/>\nLasst die Spiele beginnen<\/p>\n<div class=\"call-to-action\"><a class=\"blue button\" href=\"mailto:frank.schneider@sfx-cmex-gaming.com\">Support<\/a><\/div>\n<\/div>\n<div id=\"featured-image\" class=\"grid col-460 fit\">\n<p><img decoding=\"async\" loading=\"lazy\" class=\"alignnone size-medium wp-image-30\" src=\"https:\/\/sfx-cmex-gaming.com\/wp-content\/uploads\/2018\/06\/SoccaIcon1024-300x300.jpg\" alt=\"\" width=\"300\" height=\"300\" srcset=\"https:\/\/sfx-cmex-gaming.com\/wp-content\/uploads\/2018\/06\/SoccaIcon1024-300x300.jpg 300w, https:\/\/sfx-cmex-gaming.com\/wp-content\/uploads\/2018\/06\/SoccaIcon1024-150x150.jpg 150w, https:\/\/sfx-cmex-gaming.com\/wp-content\/uploads\/2018\/06\/SoccaIcon1024-768x768.jpg 768w, https:\/\/sfx-cmex-gaming.com\/wp-content\/uploads\/2018\/06\/SoccaIcon1024-100x100.jpg 100w, https:\/\/sfx-cmex-gaming.com\/wp-content\/uploads\/2018\/06\/SoccaIcon1024-200x200.jpg 200w, https:\/\/sfx-cmex-gaming.com\/wp-content\/uploads\/2018\/06\/SoccaIcon1024-450x450.jpg 450w, https:\/\/sfx-cmex-gaming.com\/wp-content\/uploads\/2018\/06\/SoccaIcon1024-600x600.jpg 600w, https:\/\/sfx-cmex-gaming.com\/wp-content\/uploads\/2018\/06\/SoccaIcon1024-900x900.jpg 900w, https:\/\/sfx-cmex-gaming.com\/wp-content\/uploads\/2018\/06\/SoccaIcon1024.jpg 1024w\" sizes=\"(max-width: 300px) 100vw, 300px\" \/><\/p>\n<div style=\"width: 100%;\">\n<div style=\"float: left; text-align: center; width: 50%; min-width: 200px;\">\n   <a target=\"_blank\" href=\"https:\/\/itunes.apple.com\/de\/app\/socca\/id1390443032?mt=8\" style=\"display:inline-block;overflow:hidden;background:url(https:\/\/linkmaker.itunes.apple.com\/assets\/shared\/badges\/de-de\/appstore-lrg.svg) no-repeat;width:160px;height:60px;background-size:contain;margin:10px;\"><\/a>&nbsp;\n  <\/div>\n<div style=\"float: left; text-align: center; width: 50%; min-width: 200px;\">\n   &nbsp;<a target=\"_blank\" href=\"https:\/\/play.google.com\/store\/apps\/details?id=com.cosomex.Socca&#038;pcampaignid=MKT-Other-global-all-co-prtnr-py-PartBadge-Mar2515-1\" style=\"display:inline-block;overflow:hidden;background:url(https:\/\/play.google.com\/intl\/en_us\/badges\/images\/generic\/de_badge_web_generic.png) no-repeat;width:183px;height:80px;background-size:contain;margin:-2px;\"><\/a>\n  <\/div>\n<\/p><\/div>\n<\/div>\n<div class=\"clear\"><\/div>\n<\/div>\n<\/div>\n<div id=\"content-outer\">\n<div id=\"widgets\" class=\"home-widgets\" role=\"complementary\">\n<div id=\"home_widget_1\" class=\"grid col-300\">\n<div id=\"media_image-3\" class=\"widget-wrapper widget_media_image\"><img decoding=\"async\" loading=\"lazy\" class=\"image \" src=\"https:\/\/sfx-cmex-gaming.com\/wp-content\/uploads\/2018\/06\/main-300x169.jpg\" alt=\"\" width=\"2208\" height=\"1242\" \/><\/div>\n<\/div>\n<p><!-- end of .col-300 --><\/p>\n<div id=\"home_widget_2\" class=\"grid col-300\">\n<div id=\"media_image-4\" class=\"widget-wrapper widget_media_image\"><img decoding=\"async\" loading=\"lazy\" class=\"image \" src=\"https:\/\/sfx-cmex-gaming.com\/wp-content\/uploads\/2018\/06\/about-300x169.jpg\" alt=\"\" width=\"2208\" height=\"1242\" \/><\/div>\n<\/div>\n<p><!-- end of .col-300 --><\/p>\n<div id=\"home_widget_3\" class=\"grid col-300 fit\">\n<div id=\"media_image-5\" class=\"widget-wrapper widget_media_image\"><img decoding=\"async\" loading=\"lazy\" class=\"image \" src=\"https:\/\/sfx-cmex-gaming.com\/wp-content\/uploads\/2018\/06\/game-300x169.jpg\" alt=\"\" width=\"2208\" height=\"1242\" \/><\/div>\n<\/div>\n<p><!-- end of .col-300 fit --><\/p>\n<\/div>\n<p><!-- end of #widgets --><\/p>\n<\/div>\n<p><\/p>","protected":false},"excerpt":{"rendered":"<p>Socca Ein Fu\u00dfball mit einem Traum Hilf Socca, den Fu\u00dfballpl\u00e4tzen zu entkommen. Socca, ein kleiner Ball mit einem Traum. Er will nicht mehr getreten werden. Er will den Fu\u00dfballpl\u00e4tzen entkommen. Hilf ihm!!!!!!! F\u00fchre Socca durch seine letzten Spiele. Schiess mit<span class=\"ellipsis\">&hellip;<\/span><\/p>\n<div class=\"read-more\"><a href=\"https:\/\/sfx-cmex-gaming.com\/de\/\">Weiterlesen \u203a<\/a><\/div>\n<p><!-- end of .read-more --><\/p>\n","protected":false},"author":1,"featured_media":0,"parent":0,"menu_order":0,"comment_status":"closed","ping_status":"closed","template":"elementor_header_footer","meta":[],"_links":{"self":[{"href":"https:\/\/sfx-cmex-gaming.com\/de\/wp-json\/wp\/v2\/pages\/75"}],"collection":[{"href":"https:\/\/sfx-cmex-gaming.com\/de\/wp-json\/wp\/v2\/pages"}],"about":[{"href":"https:\/\/sfx-cmex-gaming.com\/de\/wp-json\/wp\/v2\/types\/page"}],"author":[{"embeddable":true,"href":"https:\/\/sfx-cmex-gaming.com\/de\/wp-json\/wp\/v2\/users\/1"}],"replies":[{"embeddable":true,"href":"https:\/\/sfx-cmex-gaming.com\/de\/wp-json\/wp\/v2\/comments?post=75"}],"version-history":[{"count":68,"href":"https:\/\/sfx-cmex-gaming.com\/de\/wp-json\/wp\/v2\/pages\/75\/revisions"}],"predecessor-version":[{"id":260,"href":"https:\/\/sfx-cmex-gaming.com\/de\/wp-json\/wp\/v2\/pages\/75\/revisions\/260"}],"wp:attachment":[{"href":"https:\/\/sfx-cmex-gaming.com\/de\/wp-json\/wp\/v2\/media?parent=75"}],"curies":[{"name":"wp","href":"https:\/\/api.w.org\/{rel}","templated":true}]}}